{"id":2,"date":"2023-07-08T16:43:24","date_gmt":"2023-07-08T14:43:24","guid":{"rendered":"http:\/\/alterzinc.fr\/?page_id=2"},"modified":"2023-09-17T21:38:53","modified_gmt":"2023-09-17T19:38:53","slug":"page-d-exemple","status":"publish","type":"page","link":"https:\/\/alterzinc.fr\/index.php\/page-d-exemple\/","title":{"rendered":"L&rsquo;association"},"content":{"rendered":"\n<p>Notre association AlterZinc a d\u00e9pos\u00e9 ses statuts en 2023.<\/p>\n\n\n\n<p>Elle s&rsquo;est donn\u00e9 pour objectif de cr\u00e9er du lien, faire de l&rsquo;\u00e9ducation populaire et organiser des soir\u00e9es p\u00e9dagogiques sur des th\u00e8mes de soci\u00e9t\u00e9.<\/p>\n\n\n\n<p><\/p>\n\n\n\n<p>Extrait des statuts : <\/p>\n\n\n\n<p><strong>Article 1 NOM<\/strong><br>Il est fond\u00e9 entre les adh\u00e9rents aux pr\u00e9sents statuts une association r\u00e9gie par la loi du 1er juillet<br>1920 et le d\u00e9cret du 16 ao\u00fbt 1901, ayant pour titre AlterZinc.<br><strong>Article 2 BUTS<\/strong><br>Cette association a pour objet la cr\u00e9ation et l&rsquo;animation d&rsquo;un tiers lieu, soit un lieu de partage, de<br>socialisation et d&rsquo;innovation, favorisant le lien social et l&rsquo;insertion avec pour activit\u00e9s principales :<br>\u25cf un espace d&rsquo;accueil, d&rsquo;atelier, de r\u00e9union,<br>\u25cf un espace de coworking,<br>\u25cf une programmation culturelle et d\u2019\u00e9ducation populaire,<br>\u25cf la gestion d&rsquo;un bar avec petite restauration,<br>\u25cf le soutien logistique aux associations.<br>AlterZinc est une association la\u00efque.<\/p>\n\n\n\n<p><\/p>\n\n\n\n<p>Membres <strong>passagers <\/strong>: adh\u00e9sion de 2\u20ac<\/p>\n\n\n\n<p>Membres <strong>piliers <\/strong>: adh\u00e9sion au del\u00e0 de 10 \u20ac\/an<\/p>\n","protected":false},"excerpt":{"rendered":"<p>Notre association AlterZinc a d\u00e9pos\u00e9 ses statuts en 2023. Elle s&rsquo;est donn\u00e9 pour objectif de cr\u00e9er du lien, faire de l&rsquo;\u00e9ducation populaire et organiser des soir\u00e9es p\u00e9dagogiques sur des th\u00e8mes de soci\u00e9t\u00e9. Extrait des statuts : Article 1 NOMIl est fond\u00e9 entre les adh\u00e9rents aux pr\u00e9sents statuts une association r\u00e9gie &hellip; <\/p>\n","protected":false},"author":1,"featured_media":0,"parent":0,"menu_order":0,"comment_status":"closed","ping_status":"open","template":"","meta":{"_price":"","_stock":"","_tribe_ticket_header":"","_tribe_default_ticket_provider":"","_tribe_ticket_capacity":"0","_ticket_start_date":"","_ticket_end_date":"","_tribe_ticket_show_description":"","_tribe_ticket_show_not_going":false,"_tribe_ticket_use_global_stock":"","_tribe_ticket_global_stock_level":"","_global_stock_mode":"","_global_stock_cap":"","_tribe_rsvp_for_event":"","_tribe_ticket_going_count":"","_tribe_ticket_not_going_count":"","_tribe_tickets_list":"[]","_tribe_ticket_has_attendee_info_fields":false,"footnotes":"","_tec_slr_enabled":"","_tec_slr_layout":""},"class_list":["post-2","page","type-page","status-publish","hentry"],"ticketed":false,"_links":{"self":[{"href":"https:\/\/alterzinc.fr\/index.php\/wp-json\/wp\/v2\/pages\/2","targetHints":{"allow":["GET"]}}],"collection":[{"href":"https:\/\/alterzinc.fr\/index.php\/wp-json\/wp\/v2\/pages"}],"about":[{"href":"https:\/\/alterzinc.fr\/index.php\/wp-json\/wp\/v2\/types\/page"}],"author":[{"embeddable":true,"href":"https:\/\/alterzinc.fr\/index.php\/wp-json\/wp\/v2\/users\/1"}],"replies":[{"embeddable":true,"href":"https:\/\/alterzinc.fr\/index.php\/wp-json\/wp\/v2\/comments?post=2"}],"version-history":[{"count":3,"href":"https:\/\/alterzinc.fr\/index.php\/wp-json\/wp\/v2\/pages\/2\/revisions"}],"predecessor-version":[{"id":143,"href":"https:\/\/alterzinc.fr\/index.php\/wp-json\/wp\/v2\/pages\/2\/revisions\/143"}],"wp:attachment":[{"href":"https:\/\/alterzinc.fr\/index.php\/wp-json\/wp\/v2\/media?parent=2"}],"curies":[{"name":"wp","href":"https:\/\/api.w.org\/{rel}","templated":true}]}}