{"id":226,"date":"2023-11-03T08:44:26","date_gmt":"2023-11-03T07:44:26","guid":{"rendered":"https:\/\/alterzinc.fr\/?page_id=226"},"modified":"2024-02-24T11:21:22","modified_gmt":"2024-02-24T10:21:22","slug":"les-amis","status":"publish","type":"page","link":"https:\/\/alterzinc.fr\/index.php\/les-amis\/","title":{"rendered":"Les amis"},"content":{"rendered":"\n<p>Ils nous ont fait confiance et parlent de nous :<\/p>\n\n\n\n<p><\/p>\n\n\n\n<div class=\"wp-block-columns are-vertically-aligned-bottom is-layout-flex wp-container-core-columns-is-layout-9d6595d7 wp-block-columns-is-layout-flex\">\n<div class=\"wp-block-column is-vertically-aligned-bottom is-layout-flow wp-block-column-is-layout-flow\">\n<figure class=\"wp-block-image size-large\"><img loading=\"lazy\" decoding=\"async\" width=\"1024\" height=\"576\" src=\"https:\/\/alterzinc.fr\/wp-content\/uploads\/2023\/08\/107_519407665-1024x576.jpg\" alt=\"\" class=\"wp-image-35\" srcset=\"https:\/\/alterzinc.fr\/wp-content\/uploads\/2023\/08\/107_519407665-1024x576.jpg 1024w, https:\/\/alterzinc.fr\/wp-content\/uploads\/2023\/08\/107_519407665-300x169.jpg 300w, https:\/\/alterzinc.fr\/wp-content\/uploads\/2023\/08\/107_519407665-768x432.jpg 768w, https:\/\/alterzinc.fr\/wp-content\/uploads\/2023\/08\/107_519407665.jpg 1200w\" sizes=\"auto, (max-width: 1024px) 100vw, 1024px\" \/><\/figure>\n<\/div>\n\n\n\n<div class=\"wp-block-column is-vertically-aligned-bottom is-layout-flow wp-block-column-is-layout-flow\">\n<p><strong>Le Pochon Magique &#8211; La conviviale<\/strong><br>Comment ne pas commencer par eux ! Si l&rsquo;association a pu d\u00e9marrer ses activit\u00e9s, c&rsquo;est en grande partie gr\u00e2ce \u00e0 leur confiance et leur soutien.<br>Le Pochon Magique nous accueille en soir\u00e9e (g\u00e9n\u00e9ralement les vendredis ou samedis soirs) pour permettre \u00e0 AlterZinc de profiter de ce cadre magique, intimiste et charg\u00e9 d&rsquo;histoire. <br>Il est ouvert quant \u00e0 lui tous les midis : pensez \u00e0 r\u00e9server !<br><a rel=\"noreferrer noopener\" href=\"https:\/\/www.lepochonmagique.fr\/\" target=\"_blank\">https:\/\/www.lepochonmagique.fr\/<\/a> <\/p>\n\n\n\n<p><mark style=\"background-color:rgba(0, 0, 0, 0)\" class=\"has-inline-color has-vivid-green-cyan-color\"><strong>\u00ab\u00a0L&rsquo;id\u00e9e c&rsquo;\u00e9tait de faire vivre ce lieu avec des animations de qualit\u00e9 et partager des moments ensemble\u00a0\u00bb (Alexis)<\/strong><br><\/mark><\/p>\n<\/div>\n<\/div>\n\n\n\n<p><strong>C\u0153ur de m\u00e9tier :<\/strong><br>Concernant notre association, elle a pour objet d&rsquo;\u00e9diter des publications illustr\u00e9es de d\u00e9couverte de m\u00e9tiers. Elles sont \u00e0 destination de tout public en situation d&rsquo;orientation ou de r\u00e9orientation.<br>Notre AG \u00e0 l&rsquo;Alter Zinc \u00e9tait l&rsquo;AG de lancement de la souscription pour notre premi\u00e8re publication sur les m\u00e9tiers des installations thermiques, sanitaires et climatiques.<br>Pour en savoir davantage, voici le lien vers notre site internet (en construction) :<br><a href=\"http:\/\/coeurdemetiers.org\/\" target=\"_blank\" rel=\"noreferrer noopener\">http:\/\/coeurdemetiers.org\/<\/a><\/p>\n\n\n\n<p><mark style=\"background-color:rgba(0, 0, 0, 0)\" class=\"has-inline-color has-vivid-cyan-blue-color\">\u00ab\u00a0<strong>Nous avons \u00e9t\u00e9 tr\u00e8s bien accueillis, il faisait bon chaud, c&rsquo;\u00e9tait beau et d\u00e9licieux. Merci !<\/strong>\u00ab\u00a0<\/mark> (H\u00e9l\u00e8ne)<\/p>\n\n\n\n<div class=\"wp-block-columns is-layout-flex wp-container-core-columns-is-layout-9d6595d7 wp-block-columns-is-layout-flex\">\n<div class=\"wp-block-column is-layout-flow wp-block-column-is-layout-flow\"><div class=\"wp-block-image\">\n<figure class=\"alignright size-large is-resized\"><img loading=\"lazy\" decoding=\"async\" width=\"1024\" height=\"1024\" src=\"https:\/\/alterzinc.fr\/wp-content\/uploads\/2024\/02\/LOGO-V1-1024x1024.webp\" alt=\"\" class=\"wp-image-307\" style=\"width:142px;height:auto\" srcset=\"https:\/\/alterzinc.fr\/wp-content\/uploads\/2024\/02\/LOGO-V1-1024x1024.webp 1024w, https:\/\/alterzinc.fr\/wp-content\/uploads\/2024\/02\/LOGO-V1-300x300.webp 300w, https:\/\/alterzinc.fr\/wp-content\/uploads\/2024\/02\/LOGO-V1-150x150.webp 150w, https:\/\/alterzinc.fr\/wp-content\/uploads\/2024\/02\/LOGO-V1-768x768.webp 768w, https:\/\/alterzinc.fr\/wp-content\/uploads\/2024\/02\/LOGO-V1-1536x1536.webp 1536w, https:\/\/alterzinc.fr\/wp-content\/uploads\/2024\/02\/LOGO-V1.webp 1772w\" sizes=\"auto, (max-width: 1024px) 100vw, 1024px\" \/><\/figure>\n<\/div><\/div>\n\n\n\n<div class=\"wp-block-column is-layout-flow wp-block-column-is-layout-flow\">\n<p><strong>La Pive<\/strong><br>Parce que  les m\u00eames valeurs de partage, de liens, d&rsquo;\u00e9conomie r\u00e9elle et locale nous animent, AlterZinc re\u00e7oit les paiements en pives, la monnaie locale de Franche-Comt\u00e9 et se fournit localement en pives !<\/p>\n\n\n\n<p>Pour en savoir plus : <a href=\"https:\/\/www.pive.fr\/\" data-type=\"link\" data-id=\"https:\/\/www.pive.fr\/\" target=\"_blank\" rel=\"noreferrer noopener\">pive.fr <\/a><\/p>\n<\/div>\n<\/div>\n","protected":false},"excerpt":{"rendered":"<p>Ils nous ont fait confiance et parlent de nous : Le Pochon Magique &#8211; La convivialeComment ne pas commencer par eux ! Si l&rsquo;association a pu d\u00e9marrer ses activit\u00e9s, c&rsquo;est en grande partie gr\u00e2ce \u00e0 leur confiance et leur soutien.Le Pochon Magique nous accueille en soir\u00e9e (g\u00e9n\u00e9ralement les vendredis ou &hellip; <\/p>\n","protected":false},"author":1,"featured_media":0,"parent":0,"menu_order":0,"comment_status":"closed","ping_status":"closed","template":"","meta":{"_price":"","_stock":"","_tribe_ticket_header":"","_tribe_default_ticket_provider":"","_tribe_ticket_capacity":"0","_ticket_start_date":"","_ticket_end_date":"","_tribe_ticket_show_description":"","_tribe_ticket_show_not_going":false,"_tribe_ticket_use_global_stock":"","_tribe_ticket_global_stock_level":"","_global_stock_mode":"","_global_stock_cap":"","_tribe_rsvp_for_event":"","_tribe_ticket_going_count":"","_tribe_ticket_not_going_count":"","_tribe_tickets_list":"[]","_tribe_ticket_has_attendee_info_fields":false,"footnotes":"","_tec_slr_enabled":"","_tec_slr_layout":""},"class_list":["post-226","page","type-page","status-publish","hentry"],"ticketed":false,"_links":{"self":[{"href":"https:\/\/alterzinc.fr\/index.php\/wp-json\/wp\/v2\/pages\/226","targetHints":{"allow":["GET"]}}],"collection":[{"href":"https:\/\/alterzinc.fr\/index.php\/wp-json\/wp\/v2\/pages"}],"about":[{"href":"https:\/\/alterzinc.fr\/index.php\/wp-json\/wp\/v2\/types\/page"}],"author":[{"embeddable":true,"href":"https:\/\/alterzinc.fr\/index.php\/wp-json\/wp\/v2\/users\/1"}],"replies":[{"embeddable":true,"href":"https:\/\/alterzinc.fr\/index.php\/wp-json\/wp\/v2\/comments?post=226"}],"version-history":[{"count":6,"href":"https:\/\/alterzinc.fr\/index.php\/wp-json\/wp\/v2\/pages\/226\/revisions"}],"predecessor-version":[{"id":309,"href":"https:\/\/alterzinc.fr\/index.php\/wp-json\/wp\/v2\/pages\/226\/revisions\/309"}],"wp:attachment":[{"href":"https:\/\/alterzinc.fr\/index.php\/wp-json\/wp\/v2\/media?parent=226"}],"curies":[{"name":"wp","href":"https:\/\/api.w.org\/{rel}","templated":true}]}}